{"id":48,"date":"2025-10-30T10:00:00","date_gmt":"2025-10-30T10:00:00","guid":{"rendered":"http:\/\/rehabgolf.dk\/v1\/?page_id=48"},"modified":"2025-10-30T10:10:00","modified_gmt":"2025-10-30T10:10:00","slug":"forside","status":"publish","type":"page","link":"https:\/\/rehabgolf.dk\/","title":{"rendered":"Forside"},"content":{"rendered":"<h1 style=\"text-align: center;\"><strong>Velkommen <\/strong><strong>til Rehab-Golf<br \/>i Holstebro<\/strong><\/h1>\n\n\n<h2 class=\"wp-block-heading\">Rehab Golf holder vinterferie<\/h2>\n\n\n\nngg_shortcode_0_placeholder\n\n\n\n<h3 class=\"wp-block-heading\">Vi spiller igen p\u00e5 Fr\u00f8jkbanen<\/h3>\n\n\n\n<h5 class=\"wp-block-heading\">Fredag den 10. april 2026 kl. 9.30 spiller vi igen p\u00e5 Fr\u00f8jkbanen i Holstebro<\/h5>\n\n\n\n<p><strong>M\u00f8detid kl. 9.15 ved starterhuset<\/strong><\/p>\n\n\n\n<p>Du tilmelder dig ved at sende en mail til info@rehabgolf.dk og f\u00e5 en snak med Anne Christine eller Halling<br>Vi gl\u00e6der os til at spille med dig.<br><em>L\u00e6s mere under Info i topmenuen eller klik <a href=\"https:\/\/rehabgolf.dk\/index.php\/info\/\"><strong>her<\/strong><\/a>.<\/em><br>_______________________________________________<\/p>\n\n\n\n<p><strong>Fredag den 25. oktober 2024<\/strong><br>S\u00e5 blev det igen sidste dag p\u00e5 gr\u00e6s for Rehab golferne<br>Vi har haft mange hyggelige timer p\u00e5 Fr\u00f8jkbanen og gl\u00e6der os allerede til n\u00e6ste \u00e5r.<br>I 2024 mistede vi desv\u00e6rre en af vore dejlige spillere.<br><strong>Niels Kj\u00e6r M\u00f8ller d\u00f8de den 1. august.<\/strong><br>Vi er sikre p\u00e5 du nu g\u00e5r og spiller golf med begge h\u00e6nder p\u00e5 de gr\u00f8nne sletter. <\/p>\n\n\n\n<figure class=\"wp-block-image size-large\"><img loading=\"lazy\" decoding=\"async\" width=\"1024\" height=\"539\" src=\"https:\/\/rehabgolf.dk\/v1\/wp-content\/uploads\/2024\/11\/IMG_9333-1024x539.jpeg\" alt=\"\" class=\"wp-image-992\" srcset=\"https:\/\/rehabgolf.dk\/v1\/wp-content\/uploads\/2024\/11\/IMG_9333-1024x539.jpeg 1024w, https:\/\/rehabgolf.dk\/v1\/wp-content\/uploads\/2024\/11\/IMG_9333-300x158.jpeg 300w, https:\/\/rehabgolf.dk\/v1\/wp-content\/uploads\/2024\/11\/IMG_9333-768x404.jpeg 768w, https:\/\/rehabgolf.dk\/v1\/wp-content\/uploads\/2024\/11\/IMG_9333-1536x808.jpeg 1536w, https:\/\/rehabgolf.dk\/v1\/wp-content\/uploads\/2024\/11\/IMG_9333-2048x1078.jpeg 2048w, https:\/\/rehabgolf.dk\/v1\/wp-content\/uploads\/2024\/11\/IMG_9333-1200x631.jpeg 1200w\" sizes=\"auto, (max-width: 709px) 85vw, (max-width: 909px) 67vw, (max-width: 1362px) 62vw, 840px\" \/><\/figure>\n\n\n\n<p>_______________________________________________<\/p>\n\n\n\n<p><strong>Fredag den 27. oktober<\/strong>.<br>Sidste dag med udend\u00f8rs Rehab-Golf p\u00e5 Fr\u00f8jkbanen i 2023.<\/p>\n\n\n\nngg_shortcode_1_placeholder\n\n\n\n<p>&#8212;&#8212;&#8212;&#8212;&#8212;&#8212;&#8212;&#8212;&#8212;&#8212;&#8212;&#8212;-<\/p>\n\n\n\n<p><strong>Fredag den 28. oktober 2022 <\/strong><br><strong>var sidste spilledag for rehab golferne p\u00e5 Fr\u00f8jkbanen.<br>Nu g\u00e5r mange i vinterhi og nogen forts\u00e6tter med simulator golf i R\u00e5sted. Det kan du l\u00e6ser mere om <a href=\"https:\/\/rehabgolf.dk\/index.php\/simulator-golf\/\">her<\/a><\/strong><\/p>\n\n\n\n<figure class=\"wp-block-image size-large\"><img loading=\"lazy\" decoding=\"async\" width=\"1024\" height=\"460\" src=\"https:\/\/rehabgolf.dk\/v1\/wp-content\/uploads\/2022\/11\/IMG_5914-scaled-e1667577340599-1024x460.jpg\" alt=\"\" class=\"wp-image-529\" srcset=\"https:\/\/rehabgolf.dk\/v1\/wp-content\/uploads\/2022\/11\/IMG_5914-scaled-e1667577340599-1024x460.jpg 1024w, https:\/\/rehabgolf.dk\/v1\/wp-content\/uploads\/2022\/11\/IMG_5914-scaled-e1667577340599-300x135.jpg 300w, https:\/\/rehabgolf.dk\/v1\/wp-content\/uploads\/2022\/11\/IMG_5914-scaled-e1667577340599-768x345.jpg 768w, https:\/\/rehabgolf.dk\/v1\/wp-content\/uploads\/2022\/11\/IMG_5914-scaled-e1667577340599-1536x690.jpg 1536w, https:\/\/rehabgolf.dk\/v1\/wp-content\/uploads\/2022\/11\/IMG_5914-scaled-e1667577340599-2048x919.jpg 2048w, https:\/\/rehabgolf.dk\/v1\/wp-content\/uploads\/2022\/11\/IMG_5914-scaled-e1667577340599-1200x539.jpg 1200w\" sizes=\"auto, (max-width: 709px) 85vw, (max-width: 909px) 67vw, (max-width: 1362px) 62vw, 840px\" \/><figcaption class=\"wp-element-caption\">Rehab Golferne siger tak for 2022<\/figcaption><\/figure>\n\n\n\n<figure class=\"wp-block-image size-large\"><img loading=\"lazy\" decoding=\"async\" width=\"1024\" height=\"345\" src=\"http:\/\/rehabgolf.dk\/v1\/wp-content\/uploads\/2021\/04\/IMG_3738_1-1024x345.jpg\" alt=\"\" class=\"wp-image-22\" srcset=\"https:\/\/rehabgolf.dk\/v1\/wp-content\/uploads\/2021\/04\/IMG_3738_1-1024x345.jpg 1024w, https:\/\/rehabgolf.dk\/v1\/wp-content\/uploads\/2021\/04\/IMG_3738_1-300x101.jpg 300w, https:\/\/rehabgolf.dk\/v1\/wp-content\/uploads\/2021\/04\/IMG_3738_1-768x259.jpg 768w, https:\/\/rehabgolf.dk\/v1\/wp-content\/uploads\/2021\/04\/IMG_3738_1-1536x517.jpg 1536w, https:\/\/rehabgolf.dk\/v1\/wp-content\/uploads\/2021\/04\/IMG_3738_1-2048x690.jpg 2048w, https:\/\/rehabgolf.dk\/v1\/wp-content\/uploads\/2021\/04\/IMG_3738_1-1568x528.jpg 1568w\" sizes=\"auto, (max-width: 709px) 85vw, (max-width: 909px) 67vw, (max-width: 1362px) 62vw, 840px\" \/><\/figure>\n\n\n<p style=\"text-align: center;\"><strong>Rehab-Golf er et tilbud til personer <br \/>med et fysiske eller aldersbetinget handicaps<br \/>Et samarbejde med Neurofys i Holstebro og Holstebro Golfklub<\/strong><\/p>\n<p style=\"text-align: center;\"><strong><br \/><\/strong> <a href=\"https:\/\/www.holstebrogolfklub.dk\/\"><img loading=\"lazy\" decoding=\"async\" class=\"wp-image-117 aligncenter\" src=\"http:\/\/rehabgolf.dk\/v1\/wp-content\/uploads\/2021\/04\/Logo-Holstebro-Golfklub.jpg\" alt=\"\" width=\"241\" height=\"80\"><\/a><\/p>\n<p><a href=\"https:\/\/www.neurofys.dk\/\"><img loading=\"lazy\" decoding=\"async\" class=\" wp-image-118 aligncenter\" src=\"http:\/\/rehabgolf.dk\/v1\/wp-content\/uploads\/2021\/04\/Neurofys-300x67.jpg\" alt=\"\" width=\"358\" height=\"80\" srcset=\"https:\/\/rehabgolf.dk\/v1\/wp-content\/uploads\/2021\/04\/Neurofys-300x67.jpg 300w, https:\/\/rehabgolf.dk\/v1\/wp-content\/uploads\/2021\/04\/Neurofys.jpg 302w\" sizes=\"auto, (max-width: 358px) 85vw, 358px\" \/><\/a><\/p>\n\n\n<p class=\"has-text-align-center has-medium-font-size\"><strong>Du finder flere oplysninger og tilmelding i topmenuen<\/strong><\/p>\n\n\n\n<hr class=\"wp-block-separator has-css-opacity\"\/>\n\n\n\n<p class=\"has-text-align-center has-medium-font-size\"><strong>Bo Schjerbech Jensen fort\u00e6ller sin historie<\/strong><\/p>\n\n\n\n<p class=\"has-text-align-center\">Bo var 49 \u00e5r, da han blev ramt af 3 blodpropper i hjernen.<br>I dag har Bo et 17 timers flexjob som jobkonsulent.<br><img loading=\"lazy\" decoding=\"async\" width=\"150\" height=\"324\" class=\"wp-image-125\" style=\"width: 150px;\" src=\"http:\/\/rehabgolf.dk\/v1\/wp-content\/uploads\/2021\/05\/20200807_115640_Bo.jpg\" alt=\"\" srcset=\"https:\/\/rehabgolf.dk\/v1\/wp-content\/uploads\/2021\/05\/20200807_115640_Bo.jpg 842w, https:\/\/rehabgolf.dk\/v1\/wp-content\/uploads\/2021\/05\/20200807_115640_Bo-139x300.jpg 139w, https:\/\/rehabgolf.dk\/v1\/wp-content\/uploads\/2021\/05\/20200807_115640_Bo-475x1024.jpg 475w, https:\/\/rehabgolf.dk\/v1\/wp-content\/uploads\/2021\/05\/20200807_115640_Bo-768x1656.jpg 768w, https:\/\/rehabgolf.dk\/v1\/wp-content\/uploads\/2021\/05\/20200807_115640_Bo-712x1536.jpg 712w\" sizes=\"auto, (max-width: 150px) 85vw, 150px\" \/> <img loading=\"lazy\" decoding=\"async\" width=\"254\" height=\"323\" class=\"wp-image-126\" style=\"width: 254px;\" src=\"http:\/\/rehabgolf.dk\/v1\/wp-content\/uploads\/2021\/05\/20201023_182819_Bo.jpg\" alt=\"\" srcset=\"https:\/\/rehabgolf.dk\/v1\/wp-content\/uploads\/2021\/05\/20201023_182819_Bo.jpg 1547w, https:\/\/rehabgolf.dk\/v1\/wp-content\/uploads\/2021\/05\/20201023_182819_Bo-236x300.jpg 236w, https:\/\/rehabgolf.dk\/v1\/wp-content\/uploads\/2021\/05\/20201023_182819_Bo-804x1024.jpg 804w, https:\/\/rehabgolf.dk\/v1\/wp-content\/uploads\/2021\/05\/20201023_182819_Bo-768x978.jpg 768w, https:\/\/rehabgolf.dk\/v1\/wp-content\/uploads\/2021\/05\/20201023_182819_Bo-1206x1536.jpg 1206w, https:\/\/rehabgolf.dk\/v1\/wp-content\/uploads\/2021\/05\/20201023_182819_Bo-1200x1528.jpg 1200w\" sizes=\"auto, (max-width: 254px) 85vw, 254px\" \/><br><a href=\"https:\/\/rehabgolf.dk\/index.php\/bo-schjerbech-jensen\/\">L\u00e6s hele Bo&#8217;s historie<\/a><\/p>\n\n\n<h3><strong>Tr\u00e6ning og socialt netv\u00e6rk med ligesindede<\/strong><\/h3>\n<p>Ved Rehab golf oplever spillerne at kunne deltage i noget som giver god motion, tr\u00e6ning og fysisk aktivitet tilpasset deres niveau, samt socialt samv\u00e6r med andre der oplever udfordringer p\u00e5 fysikken. Rehab golf giver en mestringsf\u00f8lelse, og man bliver inkluderet i en aktivitet man kan deltage i, som inden man fik sit handicap eller sygdom. Gennem frivillig indsats h\u00e5ber vi p\u00e5 at kunne inkludere b\u00e5de raske hj\u00e6lpere og ramte spillere i et socialt f\u00e6llesskab gennem en f\u00e6lles interesse.<\/p>\n\n\n<p><\/p>\n","protected":false},"excerpt":{"rendered":"<p>Velkommen til Rehab-Golfi Holstebro Rehab Golf holder vinterferie Vi spiller igen p\u00e5 Fr\u00f8jkbanen Fredag den 10. april 2026 kl. 9.30 spiller vi igen p\u00e5 Fr\u00f8jkbanen i Holstebro M\u00f8detid kl. 9.15 ved starterhuset Du tilmelder dig ved at sende en mail til info@rehabgolf.dk og f\u00e5 en snak med Anne Christine eller HallingVi gl\u00e6der os til at &hellip; <a href=\"https:\/\/rehabgolf.dk\/\" class=\"more-link\">L\u00e6s videre<span class=\"screen-reader-text\"> &#8220;Forside&#8221;<\/span><\/a><\/p>\n","protected":false},"author":1,"featured_media":0,"parent":0,"menu_order":0,"comment_status":"closed","ping_status":"closed","template":"","meta":{"ngg_post_thumbnail":0,"footnotes":""},"class_list":["post-48","page","type-page","status-publish","hentry"],"_links":{"self":[{"href":"https:\/\/rehabgolf.dk\/index.php\/wp-json\/wp\/v2\/pages\/48","targetHints":{"allow":["GET"]}}],"collection":[{"href":"https:\/\/rehabgolf.dk\/index.php\/wp-json\/wp\/v2\/pages"}],"about":[{"href":"https:\/\/rehabgolf.dk\/index.php\/wp-json\/wp\/v2\/types\/page"}],"author":[{"embeddable":true,"href":"https:\/\/rehabgolf.dk\/index.php\/wp-json\/wp\/v2\/users\/1"}],"replies":[{"embeddable":true,"href":"https:\/\/rehabgolf.dk\/index.php\/wp-json\/wp\/v2\/comments?post=48"}],"version-history":[{"count":59,"href":"https:\/\/rehabgolf.dk\/index.php\/wp-json\/wp\/v2\/pages\/48\/revisions"}],"predecessor-version":[{"id":1155,"href":"https:\/\/rehabgolf.dk\/index.php\/wp-json\/wp\/v2\/pages\/48\/revisions\/1155"}],"wp:attachment":[{"href":"https:\/\/rehabgolf.dk\/index.php\/wp-json\/wp\/v2\/media?parent=48"}],"curies":[{"name":"wp","href":"https:\/\/api.w.org\/{rel}","templated":true}]}}